{"id":6522,"date":"2019-09-28T00:36:39","date_gmt":"2019-09-27T21:36:39","guid":{"rendered":"https:\/\/fin.webest.ee\/teenused\/"},"modified":"2019-10-08T16:55:25","modified_gmt":"2019-10-08T13:55:25","slug":"teenused","status":"publish","type":"page","link":"https:\/\/finlaid.ee\/de\/teenused\/","title":{"rendered":"Dienstleistungen"},"content":{"rendered":"[vc_row type=&#8220;full_width_background&#8220; full_screen_row_position=&#8220;middle&#8220; equal_height=&#8220;yes&#8220; content_placement=&#8220;middle&#8220; column_margin=&#8220;none&#8220; scene_position=&#8220;center&#8220; text_color=&#8220;dark&#8220; text_align=&#8220;left&#8220; top_padding=&#8220;2%&#8220; bottom_padding=&#8220;6%&#8220; overlay_strength=&#8220;0.3&#8243; shape_divider_position=&#8220;bottom&#8220; bg_image_animation=&#8220;none&#8220; shape_type=&#8220;&#8220;][vc_column column_padding=&#8220;padding-6-percent&#8220; column_padding_position=&#8220;all&#8220; background_color=&#8220;#ededed&#8220; background_color_opacity=&#8220;1&#8243; background_hover_color_opacity=&#8220;1&#8243; column_link_target=&#8220;_self&#8220; column_shadow=&#8220;none&#8220; column_border_radius=&#8220;none&#8220; width=&#8220;7\/12&#8243; tablet_width_inherit=&#8220;default&#8220; tablet_text_alignment=&#8220;default&#8220; phone_text_alignment=&#8220;default&#8220; overlay_strength=&#8220;0.3&#8243; column_border_width=&#8220;none&#8220; column_border_style=&#8220;solid&#8220; bg_image_animation=&#8220;none&#8220;][vc_row_inner column_margin=&#8220;none&#8220; bottom_padding=&#8220;10&#8243; text_align=&#8220;left&#8220;][vc_column_inner column_padding=&#8220;no-extra-padding&#8220; column_padding_position=&#8220;all&#8220; background_color_opacity=&#8220;1&#8243; background_hover_color_opacity=&#8220;1&#8243; column_shadow=&#8220;none&#8220; column_border_radius=&#8220;none&#8220; column_link_target=&#8220;_self&#8220; width=&#8220;1\/1&#8243; tablet_width_inherit=&#8220;default&#8220; overlay_strength=&#8220;0.3&#8243; column_border_width=&#8220;none&#8220; column_border_style=&#8220;solid&#8220; bg_image_animation=&#8220;none&#8220; offset=&#8220;vc_col-lg-11 vc_col-md-11 vc_col-xs-12&#8243;][split_line_heading animation_type=&#8220;line-reveal-by-space&#8220; font_style=&#8220;h1&#8243; text_content=&#8220;Dienstleistungen&#8220;][\/split_line_heading][\/vc_column_inner][\/vc_row_inner][vc_row_inner column_margin=&#8220;default&#8220; text_align=&#8220;left&#8220;][vc_column_inner column_padding=&#8220;no-extra-padding&#8220; column_padding_position=&#8220;all&#8220; background_color_opacity=&#8220;1&#8243; background_hover_color_opacity=&#8220;1&#8243; column_shadow=&#8220;none&#8220; column_border_radius=&#8220;none&#8220; column_link_target=&#8220;_self&#8220; width=&#8220;1\/1&#8243; tablet_width_inherit=&#8220;default&#8220; overlay_strength=&#8220;0.3&#8243; column_border_width=&#8220;none&#8220; column_border_style=&#8220;solid&#8220; bg_image_animation=&#8220;none&#8220; enable_animation=&#8220;true&#8220; animation=&#8220;fade-in-from-bottom&#8220; offset=&#8220;vc_col-lg-11 vc_col-md-11 vc_col-xs-12&#8243;][vc_column_text css=&#8220;.vc_custom_1570542805835{padding-right: 10% !important;}&#8220;]In Zusammenarbeit mit unseren Partnern bieten wir Ihnen auch verschiedene Dienstleistungen zur Holzbearbeitung an.\u00a0Eine professionelle Bearbeitung der Holzoberfl\u00e4che \u2013 durch Impr\u00e4gnieren, \u00d6len oder F\u00e4rben \u2013 verleiht dieser ein langanhaltendes Ergebnis.<\/p>\n<p><b>Impr\u00e4gnieren<\/b><br \/>\nUm die Lebensdauer von Holzprodukten zu verl\u00e4ngern, m\u00fcssen sie vor Schimmel, Pilzen und Sch\u00e4dlingen gesch\u00fctzt werden. Als wirkungsvollste Methode gilt die Druckimpr\u00e4gnierung. Der Impr\u00e4gnierung geht die Trocknung des Holzes voraus, die ebenfalls eine wichtige Rolle beim Erhaltungsprozess des Holzes spielt.<\/p>\n<p><b>\u00d6len<\/b><br \/>\nVerschiedene \u00d6le zeigen bei der Oberfl\u00e4chenbearbeitung unterschiedliche Ergebnisse. Das Hauptziel ist beim \u00d6len jedoch stets gleich \u2013 das Endergebnis muss zu einem sichereren Schutz des Holzes vor Umwelteinfl\u00fcssen ebenso wie zu l\u00e4ngerer Nutzungsdauer und besserem Aussehen f\u00fchren.<\/p>\n<p><b>F\u00e4rben<\/b><br \/>\nDie Verwendung von Holzfarben kann sich oftmals schwierig gestalten. Es kann passieren, dass Sie zu sp\u00e4t bemerken, dass eine wichtige Prozedur vergessen wurde, und dann ist Ihre ganze Arbeit umsonst. Deshalb bieten wir Ihnen professionelle Hilfe beim F\u00e4rben von Holzprodukten.[\/vc_column_text][nectar_cta btn_style=&#8220;arrow-animation&#8220; heading_tag=&#8220;h5&#8243; text_color=&#8220;#292b2e&#8220; button_color=&#8220;default&#8220; link_type=&#8220;regular&#8220; alignment=&#8220;left&#8220; display=&#8220;block&#8220; link_text=&#8220;Kontaktiere uns&#8220; url=&#8220;https:\/\/finlaid.ee\/de\/kontakt\/&#8220; margin_top=&#8220;20&#8243;][\/vc_column_inner][\/vc_row_inner][\/vc_column][vc_column column_padding=&#8220;no-extra-padding&#8220; column_padding_position=&#8220;all&#8220; background_color_opacity=&#8220;1&#8243; background_hover_color_opacity=&#8220;1&#8243; column_link_target=&#8220;_self&#8220; column_shadow=&#8220;none&#8220; column_border_radius=&#8220;none&#8220; width=&#8220;5\/12&#8243; tablet_width_inherit=&#8220;default&#8220; tablet_text_alignment=&#8220;default&#8220; phone_text_alignment=&#8220;default&#8220; overlay_strength=&#8220;0.3&#8243; column_border_width=&#8220;none&#8220; column_border_style=&#8220;solid&#8220; bg_image_animation=&#8220;none&#8220; offset=&#8220;vc_hidden-sm vc_hidden-xs&#8220;][vc_row_inner column_margin=&#8220;default&#8220; text_align=&#8220;left&#8220; css=&#8220;.vc_custom_1569964489826{padding-left: 40px !important;}&#8220;][vc_column_inner column_padding=&#8220;no-extra-padding&#8220; column_padding_position=&#8220;all&#8220; background_color_opacity=&#8220;1&#8243; background_hover_color_opacity=&#8220;1&#8243; column_shadow=&#8220;none&#8220; column_border_radius=&#8220;none&#8220; column_link_target=&#8220;_self&#8220; width=&#8220;1\/1&#8243; tablet_width_inherit=&#8220;default&#8220; overlay_strength=&#8220;0.3&#8243; column_border_width=&#8220;none&#8220; column_border_style=&#8220;solid&#8220; bg_image_animation=&#8220;none&#8220; enable_animation=&#8220;true&#8220; animation=&#8220;grow-in&#8220;][nectar_btn size=&#8220;large&#8220; button_style=&#8220;regular&#8220; button_color_2=&#8220;Extra-Color-2&#8243; solid_text_color_override=&#8220;#ffffff&#8220; icon_family=&#8220;fontawesome&#8220; url=&#8220;https:\/\/finlaid.ee\/de\/sisevoodrilaud\/&#8220; text=&#8220;Innenverkleidung&#8220; margin_right=&#8220;2&#8243; icon_fontawesome=&#8220;fa fa-angle-right&#8220;][nectar_btn size=&#8220;large&#8220; button_style=&#8220;regular&#8220; button_color_2=&#8220;Extra-Color-2&#8243; solid_text_color_override=&#8220;#ffffff&#8220; icon_family=&#8220;fontawesome&#8220; url=&#8220;https:\/\/finlaid.ee\/de\/valisvoodrilaud\/&#8220; text=&#8220;Au\u00dfenverkleidung&#8220; icon_fontawesome=&#8220;fa fa-angle-right&#8220;][divider line_type=&#8220;No Line&#8220; custom_height=&#8220;1&#8243;][nectar_btn size=&#8220;large&#8220; button_style=&#8220;regular&#8220; button_color_2=&#8220;Extra-Color-2&#8243; solid_text_color_override=&#8220;#ffffff&#8220; icon_family=&#8220;fontawesome&#8220; url=&#8220;https:\/\/finlaid.ee\/de\/terrassilaud\/&#8220; text=&#8220;Terrassendielen&#8220; margin_right=&#8220;2&#8243; icon_fontawesome=&#8220;fa fa-angle-right&#8220;][nectar_btn size=&#8220;large&#8220; button_style=&#8220;regular&#8220; button_color_2=&#8220;Extra-Color-2&#8243; solid_text_color_override=&#8220;#ffffff&#8220; icon_family=&#8220;fontawesome&#8220; url=&#8220;https:\/\/finlaid.ee\/de\/porandalaud\/&#8220; text=&#8220;Fu\u00dfbodendielen&#8220; icon_fontawesome=&#8220;fa fa-angle-right&#8220;][divider line_type=&#8220;No Line&#8220; custom_height=&#8220;1&#8243;][nectar_btn size=&#8220;large&#8220; button_style=&#8220;regular&#8220; button_color_2=&#8220;Extra-Color-2&#8243; solid_text_color_override=&#8220;#ffffff&#8220; icon_family=&#8220;fontawesome&#8220; url=&#8220;https:\/\/finlaid.ee\/de\/nelikant-hoovelmaterjal\/&#8220; text=&#8220;4-seitig gehobelt&#8220; icon_fontawesome=&#8220;fa fa-angle-right&#8220;][divider line_type=&#8220;No Line&#8220; custom_height=&#8220;1&#8243;][nectar_btn size=&#8220;large&#8220; button_style=&#8220;regular&#8220; button_color_2=&#8220;Extra-Color-2&#8243; solid_text_color_override=&#8220;#ffffff&#8220; icon_family=&#8220;fontawesome&#8220; url=&#8220;https:\/\/finlaid.ee\/de\/eriprofiil\/&#8220; text=&#8220;Sonderprofile&#8220; margin_right=&#8220;2&#8243; icon_fontawesome=&#8220;fa fa-angle-right&#8220;][nectar_btn size=&#8220;large&#8220; button_style=&#8220;regular&#8220; button_color_2=&#8220;Extra-Color-2&#8243; solid_text_color_override=&#8220;#ffffff&#8220; icon_family=&#8220;fontawesome&#8220; url=&#8220;https:\/\/finlaid.ee\/de\/puitbrikett\/&#8220; text=&#8220;Holzbrikett&#8220; icon_fontawesome=&#8220;fa fa-angle-right&#8220;][\/vc_column_inner][\/vc_row_inner][vc_row_inner column_margin=&#8220;default&#8220; text_align=&#8220;left&#8220;][vc_column_inner column_padding=&#8220;padding-2-percent&#8220; column_padding_position=&#8220;top&#8220; background_color_opacity=&#8220;1&#8243; background_hover_color_opacity=&#8220;1&#8243; column_shadow=&#8220;none&#8220; column_border_radius=&#8220;none&#8220; column_link_target=&#8220;_self&#8220; width=&#8220;1\/1&#8243; tablet_width_inherit=&#8220;default&#8220; overlay_strength=&#8220;0.3&#8243; column_border_width=&#8220;none&#8220; column_border_style=&#8220;solid&#8220; bg_image_animation=&#8220;none&#8220;][image_with_animation image_url=&#8220;5558&#8243; alignment=&#8220;right&#8220; animation=&#8220;Grow In&#8220; hover_animation=&#8220;zoom-crop&#8220; border_radius=&#8220;none&#8220; box_shadow=&#8220;none&#8220; image_loading=&#8220;default&#8220; max_width=&#8220;110%&#8220; max_width_mobile=&#8220;default&#8220;][\/vc_column_inner][\/vc_row_inner][\/vc_column][\/vc_row][vc_row type=&#8220;full_width_background&#8220; full_screen_row_position=&#8220;middle&#8220; equal_height=&#8220;yes&#8220; column_margin=&#8220;default&#8220; bg_image=&#8220;14&#8243; bg_position=&#8220;center bottom&#8220; bg_repeat=&#8220;no-repeat&#8220; scene_position=&#8220;center&#8220; text_color=&#8220;dark&#8220; text_align=&#8220;left&#8220; top_padding=&#8220;12%&#8220; bottom_padding=&#8220;5%&#8220; enable_gradient=&#8220;true&#8220; color_overlay=&#8220;#000000&#8243; gradient_direction=&#8220;left_to_right&#8220; overlay_strength=&#8220;0.95&#8243; enable_shape_divider=&#8220;true&#8220; shape_divider_color=&#8220;#ffffff&#8220; shape_divider_position=&#8220;top&#8220; shape_divider_height=&#8220;100&#8243; shape_divider_bring_to_front=&#8220;true&#8220; bg_image_animation=&#8220;none&#8220; shape_type=&#8220;tilt_alt&#8220;][vc_column column_padding=&#8220;no-extra-padding&#8220; column_padding_position=&#8220;all&#8220; background_color_opacity=&#8220;1&#8243; background_hover_color_opacity=&#8220;1&#8243; column_link_target=&#8220;_self&#8220; column_shadow=&#8220;none&#8220; column_border_radius=&#8220;none&#8220; width=&#8220;1\/1&#8243; tablet_width_inherit=&#8220;default&#8220; tablet_text_alignment=&#8220;default&#8220; phone_text_alignment=&#8220;default&#8220; overlay_strength=&#8220;0.3&#8243; column_border_width=&#8220;none&#8220; column_border_style=&#8220;solid&#8220; bg_image_animation=&#8220;none&#8220;][vc_row_inner column_margin=&#8220;default&#8220; text_align=&#8220;left&#8220;][vc_column_inner column_padding=&#8220;no-extra-padding&#8220; column_padding_position=&#8220;all&#8220; centered_text=&#8220;true&#8220; background_color_opacity=&#8220;1&#8243; background_hover_color_opacity=&#8220;1&#8243; column_shadow=&#8220;none&#8220; column_border_radius=&#8220;none&#8220; top_margin=&#8220;20&#8243; bottom_margin=&#8220;20&#8243; column_link_target=&#8220;_self&#8220; width=&#8220;2\/3&#8243; tablet_width_inherit=&#8220;default&#8220; overlay_strength=&#8220;0.3&#8243; column_border_width=&#8220;none&#8220; column_border_style=&#8220;solid&#8220; bg_image_animation=&#8220;none&#8220; enable_animation=&#8220;true&#8220; animation=&#8220;fade-in-from-bottom&#8220;][vc_custom_heading text=&#8220;Wir produzieren und verkaufen Bau- und Verarbeitungsmaterialien aus nordischem Schnittholz!&#8220; font_container=&#8220;tag:h3|font_size:20|text_align:left|color:%23ffffff&#8220; use_theme_fonts=&#8220;yes&#8220; css_animation=&#8220;none&#8220;][\/vc_column_inner][vc_column_inner column_padding=&#8220;no-extra-padding&#8220; column_padding_position=&#8220;all&#8220; background_color_opacity=&#8220;1&#8243; background_hover_color_opacity=&#8220;1&#8243; column_shadow=&#8220;none&#8220; column_border_radius=&#8220;none&#8220; column_link_target=&#8220;_self&#8220; width=&#8220;1\/3&#8243; tablet_width_inherit=&#8220;default&#8220; overlay_strength=&#8220;0.3&#8243; column_border_width=&#8220;none&#8220; column_border_style=&#8220;solid&#8220; bg_image_animation=&#8220;none&#8220; enable_animation=&#8220;true&#8220; animation=&#8220;grow-in&#8220; delay=&#8220;400&#8243;][nectar_btn size=&#8220;jumbo&#8220; button_style=&#8220;regular&#8220; button_color_2=&#8220;Extra-Color-2&#8243; solid_text_color_override=&#8220;#ffffff&#8220; icon_family=&#8220;none&#8220; url=&#8220;https:\/\/finlaid.ee\/de\/tooted\/&#8220; text=&#8220;Unser produktangbot&#8220; css_animation=&#8220;none&#8220;][\/vc_column_inner][\/vc_row_inner][\/vc_column][\/vc_row]\n","protected":false},"excerpt":{"rendered":"<p>[vc_row type=&#8220;full_width_background&#8220; full_screen_row_position=&#8220;middle&#8220; equal_height=&#8220;yes&#8220; content_placement=&#8220;middle&#8220; column_margin=&#8220;none&#8220; scene_position=&#8220;center&#8220; text_color=&#8220;dark&#8220; text_align=&#8220;left&#8220; top_padding=&#8220;2%&#8220; bottom_padding=&#8220;6%&#8220; overlay_strength=&#8220;0.3&#8243; shape_divider_position=&#8220;bottom&#8220; bg_image_animation=&#8220;none&#8220; shape_type=&#8220;&#8220;][vc_column column_padding=&#8220;padding-6-percent&#8220; column_padding_position=&#8220;all&#8220; background_color=&#8220;#ededed&#8220; background_color_opacity=&#8220;1&#8243; background_hover_color_opacity=&#8220;1&#8243; column_link_target=&#8220;_self&#8220; column_shadow=&#8220;none&#8220; column_border_radius=&#8220;none&#8220; width=&#8220;7\/12&#8243; tablet_width_inherit=&#8220;default&#8220;&#8230;<\/p>\n","protected":false},"author":1,"featured_media":0,"parent":0,"menu_order":0,"comment_status":"closed","ping_status":"closed","template":"","meta":[],"_links":{"self":[{"href":"https:\/\/finlaid.ee\/de\/wp-json\/wp\/v2\/pages\/6522"}],"collection":[{"href":"https:\/\/finlaid.ee\/de\/wp-json\/wp\/v2\/pages"}],"about":[{"href":"https:\/\/finlaid.ee\/de\/wp-json\/wp\/v2\/types\/page"}],"author":[{"embeddable":true,"href":"https:\/\/finlaid.ee\/de\/wp-json\/wp\/v2\/users\/1"}],"replies":[{"embeddable":true,"href":"https:\/\/finlaid.ee\/de\/wp-json\/wp\/v2\/comments?post=6522"}],"version-history":[{"count":4,"href":"https:\/\/finlaid.ee\/de\/wp-json\/wp\/v2\/pages\/6522\/revisions"}],"predecessor-version":[{"id":7857,"href":"https:\/\/finlaid.ee\/de\/wp-json\/wp\/v2\/pages\/6522\/revisions\/7857"}],"wp:attachment":[{"href":"https:\/\/finlaid.ee\/de\/wp-json\/wp\/v2\/media?parent=6522"}],"curies":[{"name":"wp","href":"https:\/\/api.w.org\/{rel}","templated":true}]}}