{"id":6480,"date":"2019-09-28T00:37:58","date_gmt":"2019-09-27T21:37:58","guid":{"rendered":"https:\/\/fin.webest.ee\/fsc\/"},"modified":"2019-10-08T16:57:58","modified_gmt":"2019-10-08T13:57:58","slug":"fsc","status":"publish","type":"page","link":"https:\/\/finlaid.ee\/de\/fsc\/","title":{"rendered":"FSC\u00ae"},"content":{"rendered":"[vc_row type=&#8220;full_width_background&#8220; full_screen_row_position=&#8220;middle&#8220; equal_height=&#8220;yes&#8220; content_placement=&#8220;middle&#8220; column_margin=&#8220;none&#8220; scene_position=&#8220;center&#8220; text_color=&#8220;dark&#8220; text_align=&#8220;left&#8220; top_padding=&#8220;2%&#8220; bottom_padding=&#8220;6%&#8220; overlay_strength=&#8220;0.3&#8243; shape_divider_position=&#8220;bottom&#8220; bg_image_animation=&#8220;none&#8220; shape_type=&#8220;&#8220;][vc_column column_padding=&#8220;padding-6-percent&#8220; column_padding_position=&#8220;all&#8220; background_color=&#8220;#ededed&#8220; background_color_opacity=&#8220;1&#8243; background_hover_color_opacity=&#8220;1&#8243; column_link_target=&#8220;_self&#8220; column_shadow=&#8220;none&#8220; column_border_radius=&#8220;none&#8220; width=&#8220;7\/12&#8243; tablet_width_inherit=&#8220;default&#8220; tablet_text_alignment=&#8220;default&#8220; phone_text_alignment=&#8220;default&#8220; overlay_strength=&#8220;0.3&#8243; column_border_width=&#8220;none&#8220; column_border_style=&#8220;solid&#8220; bg_image_animation=&#8220;none&#8220;][vc_row_inner column_margin=&#8220;none&#8220; bottom_padding=&#8220;10&#8243; text_align=&#8220;left&#8220;][vc_column_inner column_padding=&#8220;no-extra-padding&#8220; column_padding_position=&#8220;all&#8220; background_color_opacity=&#8220;1&#8243; background_hover_color_opacity=&#8220;1&#8243; column_shadow=&#8220;none&#8220; column_border_radius=&#8220;none&#8220; column_link_target=&#8220;_self&#8220; width=&#8220;1\/1&#8243; tablet_width_inherit=&#8220;default&#8220; overlay_strength=&#8220;0.3&#8243; column_border_width=&#8220;none&#8220; column_border_style=&#8220;solid&#8220; bg_image_animation=&#8220;none&#8220; offset=&#8220;vc_col-lg-11 vc_col-md-11 vc_col-xs-12&#8243;][split_line_heading animation_type=&#8220;line-reveal-by-space&#8220; font_style=&#8220;h1&#8243; text_content=&#8220;FSC\u00ae&#8220;]FSC\u00ae[\/split_line_heading][\/vc_column_inner][\/vc_row_inner][vc_row_inner column_margin=&#8220;default&#8220; text_align=&#8220;left&#8220;][vc_column_inner column_padding=&#8220;no-extra-padding&#8220; column_padding_position=&#8220;all&#8220; background_color_opacity=&#8220;1&#8243; background_hover_color_opacity=&#8220;1&#8243; column_shadow=&#8220;none&#8220; column_border_radius=&#8220;none&#8220; column_link_target=&#8220;_self&#8220; width=&#8220;1\/1&#8243; tablet_width_inherit=&#8220;default&#8220; overlay_strength=&#8220;0.3&#8243; column_border_width=&#8220;none&#8220; column_border_style=&#8220;solid&#8220; bg_image_animation=&#8220;none&#8220; enable_animation=&#8220;true&#8220; animation=&#8220;fade-in-from-bottom&#8220; offset=&#8220;vc_col-lg-11 vc_col-md-11 vc_col-xs-12&#8243;][vc_column_text css=&#8220;.vc_custom_1570543043560{padding-right: 10% !important;}&#8220;]\n<div class=\"row-fluid inner-row bottom-margin-no \">\n<div class=\"row-fluid inner-row bottom-margin-no \">\n<div class=\"span6\">\n<div class=\"inner-content\">\n<div class=\"column-text clearfix\">\n<p>Der Forest Stewardship Council (FSC\u00ae) ist eine unabh\u00e4ngige internationale Non-Profit-Organisation zur F\u00f6rderung nachhaltiger Forstwirtschaft. Der FSC\u00ae wurde 1993 in Kanada von Vertretern der Forstwirtschaft sowie von Umwelt- und Menschenrechtsorganisationen gegr\u00fcndet, , die wegen der zunehmenden Vernichtung der W\u00e4lder, der Sch\u00e4digung der Umwelt und der sozialen Ausgrenzung besorgt waren und die Notwendigkeit erkannten ein vertrauensw\u00fcrdiges internationales Zertifizierungssystem f\u00fcr die Forstwirtschaft zu schaffen. Die Vision des FSC\u00ae f\u00fcr eine nachhaltige Forstwirtschaft wird umgesetzt \u00fcber Zertifizierungen, die auf Kriterien beruhen, welche von den Mitgliedern des FSC\u00ae und verschiedenen Interessengruppen ausgearbeitet wurden, und die zusammengenommen den h\u00f6chsten Standard der Forstwirtschaft darstellen.<\/p>\n<p>Die T\u00e4tigkeiten eines vom FSC\u00ae zertifizierten Forstwirtschaftsunternehmen sind umweltfreundlich, sozialvertr\u00e4glich und wirtschaftlich lebensf\u00e4hig. Dies bedeutet, dass die Lebensvielfalt der W\u00e4lder erhalten wird, nat\u00fcrliche Lebensgemeinschaften gef\u00f6rdert sowie W\u00e4lder mit hohem Schutzwert erhalten werden, die Rechte von Arbeitern, Gemeinschaften und indigenen V\u00f6lkern geachtet werden. Der ortsans\u00e4ssigen Bev\u00f6lkerung und der Gesellschaft wird geholfen als Ganzes an den langfristigen Nutzen der Forstwirtschaft teilzuhaben. Es wird ein Mehrwert erzeugt und durch die \u00d6ffnung von M\u00e4rkten gleicher Zugang f\u00fcr alle zu den Nutzen erm\u00f6glicht. Das FSC\u00ae-Zeichen hilft Erzeugern und Verbrauchern beim Kauf von Holz oder anderen Holz- oder Forstwirtschaftsprodukten bewusste Entscheidungen zu treffen und dadurch alles, was mit dem Wald verbunden ist, positiv zu beeinflussen.<\/p>\n<\/div>\n<\/div>\n<\/div>\n<\/div>\n<\/div>\n[\/vc_column_text][nectar_cta btn_style=&#8220;arrow-animation&#8220; heading_tag=&#8220;h5&#8243; text_color=&#8220;#292b2e&#8220; button_color=&#8220;default&#8220; link_type=&#8220;regular&#8220; alignment=&#8220;left&#8220; display=&#8220;block&#8220; link_text=&#8220;Kontaktiere uns&#8220; url=&#8220;https:\/\/finlaid.ee\/de\/kontakt\/&#8220; margin_top=&#8220;20&#8243;][\/vc_column_inner][\/vc_row_inner][\/vc_column][vc_column column_padding=&#8220;no-extra-padding&#8220; column_padding_position=&#8220;all&#8220; background_color_opacity=&#8220;1&#8243; background_hover_color_opacity=&#8220;1&#8243; column_link_target=&#8220;_self&#8220; column_shadow=&#8220;none&#8220; column_border_radius=&#8220;none&#8220; width=&#8220;5\/12&#8243; tablet_width_inherit=&#8220;default&#8220; tablet_text_alignment=&#8220;default&#8220; phone_text_alignment=&#8220;default&#8220; overlay_strength=&#8220;0.3&#8243; column_border_width=&#8220;none&#8220; column_border_style=&#8220;solid&#8220; bg_image_animation=&#8220;none&#8220;][vc_row_inner column_margin=&#8220;default&#8220; text_align=&#8220;left&#8220; css=&#8220;.vc_custom_1569966794159{padding-right: 40px !important;padding-left: 40px !important;}&#8220;][vc_column_inner column_padding=&#8220;padding-6-percent&#8220; column_padding_position=&#8220;top&#8220; centered_text=&#8220;true&#8220; background_color_opacity=&#8220;1&#8243; background_hover_color_opacity=&#8220;1&#8243; column_shadow=&#8220;none&#8220; column_border_radius=&#8220;none&#8220; column_link_target=&#8220;_self&#8220; width=&#8220;1\/2&#8243; tablet_width_inherit=&#8220;default&#8220; overlay_strength=&#8220;0.3&#8243; column_border_width=&#8220;none&#8220; column_border_style=&#8220;solid&#8220; bg_image_animation=&#8220;none&#8220; enable_animation=&#8220;true&#8220; animation=&#8220;grow-in&#8220;][image_with_animation image_url=&#8220;5760&#8243; alignment=&#8220;&#8220; animation=&#8220;Fade In&#8220; hover_animation=&#8220;none&#8220; border_radius=&#8220;none&#8220; box_shadow=&#8220;none&#8220; image_loading=&#8220;default&#8220; max_width=&#8220;100%&#8220; max_width_mobile=&#8220;default&#8220;][\/vc_column_inner][vc_column_inner column_padding=&#8220;no-extra-padding&#8220; column_padding_position=&#8220;all&#8220; background_color_opacity=&#8220;1&#8243; background_hover_color_opacity=&#8220;1&#8243; column_shadow=&#8220;none&#8220; column_border_radius=&#8220;none&#8220; column_link_target=&#8220;_self&#8220; width=&#8220;1\/2&#8243; tablet_width_inherit=&#8220;default&#8220; overlay_strength=&#8220;0.3&#8243; column_border_width=&#8220;none&#8220; column_border_style=&#8220;solid&#8220; bg_image_animation=&#8220;none&#8220;][\/vc_column_inner][\/vc_row_inner][vc_row_inner column_margin=&#8220;default&#8220; text_align=&#8220;left&#8220;][vc_column_inner column_padding=&#8220;padding-2-percent&#8220; column_padding_position=&#8220;top&#8220; background_color_opacity=&#8220;1&#8243; background_hover_color_opacity=&#8220;1&#8243; column_shadow=&#8220;none&#8220; column_border_radius=&#8220;none&#8220; column_link_target=&#8220;_self&#8220; width=&#8220;1\/1&#8243; tablet_width_inherit=&#8220;default&#8220; overlay_strength=&#8220;0.3&#8243; column_border_width=&#8220;none&#8220; column_border_style=&#8220;solid&#8220; bg_image_animation=&#8220;none&#8220; offset=&#8220;vc_hidden-sm vc_hidden-xs&#8220;][image_with_animation image_url=&#8220;6062&#8243; alignment=&#8220;right&#8220; animation=&#8220;Grow In&#8220; hover_animation=&#8220;zoom-crop&#8220; border_radius=&#8220;none&#8220; box_shadow=&#8220;none&#8220; image_loading=&#8220;default&#8220; max_width=&#8220;110%&#8220; max_width_mobile=&#8220;default&#8220;][\/vc_column_inner][\/vc_row_inner][\/vc_column][\/vc_row][vc_row type=&#8220;full_width_background&#8220; full_screen_row_position=&#8220;middle&#8220; equal_height=&#8220;yes&#8220; column_margin=&#8220;default&#8220; bg_image=&#8220;14&#8243; bg_position=&#8220;center bottom&#8220; bg_repeat=&#8220;no-repeat&#8220; scene_position=&#8220;center&#8220; text_color=&#8220;dark&#8220; text_align=&#8220;left&#8220; top_padding=&#8220;12%&#8220; bottom_padding=&#8220;5%&#8220; enable_gradient=&#8220;true&#8220; color_overlay=&#8220;#000000&#8243; gradient_direction=&#8220;left_to_right&#8220; overlay_strength=&#8220;0.95&#8243; enable_shape_divider=&#8220;true&#8220; shape_divider_color=&#8220;#ffffff&#8220; shape_divider_position=&#8220;top&#8220; shape_divider_height=&#8220;100&#8243; shape_divider_bring_to_front=&#8220;true&#8220; bg_image_animation=&#8220;none&#8220; shape_type=&#8220;tilt_alt&#8220;][vc_column column_padding=&#8220;no-extra-padding&#8220; column_padding_position=&#8220;all&#8220; background_color_opacity=&#8220;1&#8243; background_hover_color_opacity=&#8220;1&#8243; column_link_target=&#8220;_self&#8220; column_shadow=&#8220;none&#8220; column_border_radius=&#8220;none&#8220; width=&#8220;1\/1&#8243; tablet_width_inherit=&#8220;default&#8220; tablet_text_alignment=&#8220;default&#8220; phone_text_alignment=&#8220;default&#8220; overlay_strength=&#8220;0.3&#8243; column_border_width=&#8220;none&#8220; column_border_style=&#8220;solid&#8220; bg_image_animation=&#8220;none&#8220;][vc_row_inner column_margin=&#8220;default&#8220; text_align=&#8220;left&#8220;][vc_column_inner column_padding=&#8220;no-extra-padding&#8220; column_padding_position=&#8220;all&#8220; centered_text=&#8220;true&#8220; background_color_opacity=&#8220;1&#8243; background_hover_color_opacity=&#8220;1&#8243; column_shadow=&#8220;none&#8220; column_border_radius=&#8220;none&#8220; top_margin=&#8220;20&#8243; bottom_margin=&#8220;20&#8243; column_link_target=&#8220;_self&#8220; width=&#8220;2\/3&#8243; tablet_width_inherit=&#8220;default&#8220; overlay_strength=&#8220;0.3&#8243; column_border_width=&#8220;none&#8220; column_border_style=&#8220;solid&#8220; bg_image_animation=&#8220;none&#8220; enable_animation=&#8220;true&#8220; animation=&#8220;fade-in-from-bottom&#8220;][vc_custom_heading text=&#8220;Wir produzieren und verkaufen Bau- und Verarbeitungsmaterialien aus nordischem Schnittholz!&#8220; font_container=&#8220;tag:h3|font_size:20|text_align:left|color:%23ffffff&#8220; use_theme_fonts=&#8220;yes&#8220; css_animation=&#8220;none&#8220;][\/vc_column_inner][vc_column_inner column_padding=&#8220;no-extra-padding&#8220; column_padding_position=&#8220;all&#8220; background_color_opacity=&#8220;1&#8243; background_hover_color_opacity=&#8220;1&#8243; column_shadow=&#8220;none&#8220; column_border_radius=&#8220;none&#8220; column_link_target=&#8220;_self&#8220; width=&#8220;1\/3&#8243; tablet_width_inherit=&#8220;default&#8220; overlay_strength=&#8220;0.3&#8243; column_border_width=&#8220;none&#8220; column_border_style=&#8220;solid&#8220; bg_image_animation=&#8220;none&#8220; enable_animation=&#8220;true&#8220; animation=&#8220;grow-in&#8220; delay=&#8220;400&#8243;][nectar_btn size=&#8220;jumbo&#8220; button_style=&#8220;regular&#8220; button_color_2=&#8220;Extra-Color-2&#8243; solid_text_color_override=&#8220;#ffffff&#8220; icon_family=&#8220;none&#8220; url=&#8220;https:\/\/finlaid.ee\/de\/tooted\/&#8220; text=&#8220;Unser produktangbot&#8220; css_animation=&#8220;none&#8220;][\/vc_column_inner][\/vc_row_inner][\/vc_column][\/vc_row]\n","protected":false},"excerpt":{"rendered":"<p>[vc_row type=&#8220;full_width_background&#8220; full_screen_row_position=&#8220;middle&#8220; equal_height=&#8220;yes&#8220; content_placement=&#8220;middle&#8220; column_margin=&#8220;none&#8220; scene_position=&#8220;center&#8220; text_color=&#8220;dark&#8220; text_align=&#8220;left&#8220; top_padding=&#8220;2%&#8220; bottom_padding=&#8220;6%&#8220; overlay_strength=&#8220;0.3&#8243; shape_divider_position=&#8220;bottom&#8220; bg_image_animation=&#8220;none&#8220; shape_type=&#8220;&#8220;][vc_column column_padding=&#8220;padding-6-percent&#8220; column_padding_position=&#8220;all&#8220; background_color=&#8220;#ededed&#8220; background_color_opacity=&#8220;1&#8243; background_hover_color_opacity=&#8220;1&#8243; column_link_target=&#8220;_self&#8220; column_shadow=&#8220;none&#8220; column_border_radius=&#8220;none&#8220; width=&#8220;7\/12&#8243; tablet_width_inherit=&#8220;default&#8220;&#8230;<\/p>\n","protected":false},"author":1,"featured_media":0,"parent":0,"menu_order":0,"comment_status":"closed","ping_status":"closed","template":"","meta":[],"_links":{"self":[{"href":"https:\/\/finlaid.ee\/de\/wp-json\/wp\/v2\/pages\/6480"}],"collection":[{"href":"https:\/\/finlaid.ee\/de\/wp-json\/wp\/v2\/pages"}],"about":[{"href":"https:\/\/finlaid.ee\/de\/wp-json\/wp\/v2\/types\/page"}],"author":[{"embeddable":true,"href":"https:\/\/finlaid.ee\/de\/wp-json\/wp\/v2\/users\/1"}],"replies":[{"embeddable":true,"href":"https:\/\/finlaid.ee\/de\/wp-json\/wp\/v2\/comments?post=6480"}],"version-history":[{"count":4,"href":"https:\/\/finlaid.ee\/de\/wp-json\/wp\/v2\/pages\/6480\/revisions"}],"predecessor-version":[{"id":7860,"href":"https:\/\/finlaid.ee\/de\/wp-json\/wp\/v2\/pages\/6480\/revisions\/7860"}],"wp:attachment":[{"href":"https:\/\/finlaid.ee\/de\/wp-json\/wp\/v2\/media?parent=6480"}],"curies":[{"name":"wp","href":"https:\/\/api.w.org\/{rel}","templated":true}]}}